{"id":3409,"date":"2020-10-15T10:23:01","date_gmt":"2020-10-15T08:23:01","guid":{"rendered":"https:\/\/www.babyconcept.lu\/?page_id=3409"},"modified":"2021-08-20T10:55:06","modified_gmt":"2021-08-20T08:55:06","slug":"kontakt","status":"publish","type":"page","link":"https:\/\/www.babyconcept.lu\/de\/kontakt\/","title":{"rendered":"Kontakt"},"content":{"rendered":"<p>[vc_row full_width=&#8220;stretch_row&#8220; row_head_color=&#8220;#575656&#8243; css=&#8220;.vc_custom_1629449701338{background-image: url(https:\/\/www.babyconcept.lu\/wp-content\/uploads\/2021\/08\/kids_22.jpg?id=3756) !important;background-position: center !important;background-repeat: no-repeat !important;background-size: cover !important;}&#8220; el_id=&#8220;kids&#8220;][vc_column offset=&#8220;vc_hidden-xs&#8220;][cms_heading title=&#8220;Baby Concept Kitas&#8220; title_color=&#8220;#6f4792&#8243; title_align=&#8220;center&#8220; line_color=&#8220;#2fb9d3&#8243; line_width=&#8220;192px&#8220;][vc_empty_space height=&#8220;36px&#8220;][\/vc_column][vc_column width=&#8220;1\/5&#8243; offset=&#8220;vc_hidden-xs&#8220;][\/vc_column][vc_column width=&#8220;1\/5&#8243; offset=&#8220;vc_hidden-xs&#8220;][cms_heading title=&#8220;Mertzig&#8220; title_font_size=&#8220;45&#8243; title_align=&#8220;center&#8220;][vc_column_text]<\/p>\n<p style=\"text-align: center;\">43 Rue Principale<br \/>\n9168 MERTZIG &#8211; Luxembourg<\/p>\n<p style=\"text-align: center;\"><strong>T\u00e9l :<\/strong> <a href=\"tel:0035226880755\">+352 26 88 07 55<\/a><br \/>\n<strong>Mail :<\/strong> <a href=\"mailto:contact@babyconcept.lu\">contact@babyconcept.lu<\/a><\/p>\n<p>[\/vc_column_text][vc_empty_space height=&#8220;20px&#8220;][vc_column_text]<\/p>\n<p style=\"text-align: center;\"><iframe style=\"border: none; overflow: hidden;\" src=\"https:\/\/www.facebook.com\/plugins\/page.php?href=https%3A%2F%2Fwww.facebook.com%2Fbabyconcept.lu%2F&amp;tabs=timeline&amp;width=250&amp;height=125&amp;small_header=false&amp;adapt_container_width=true&amp;hide_cover=false&amp;show_facepile=false&amp;appId=617851318894286\" width=\"250\" height=\"125\" frameborder=\"0\" scrolling=\"no\" data-mce-fragment=\"1\"><\/iframe><\/p>\n<p>[\/vc_column_text][\/vc_column][vc_column width=&#8220;1\/5&#8243; offset=&#8220;vc_hidden-xs&#8220;][cms_heading title=&#8220;Pommerloch&#8220; title_font_size=&#8220;45&#8243; title_align=&#8220;center&#8220;][vc_column_text]<\/p>\n<p style=\"text-align: center;\">24 An Der Gaass<br \/>\n9638 POMMERLOCH &#8211; Luxembourg<\/p>\n<p style=\"text-align: center;\"><strong>T\u00e9l :<\/strong> <a href=\"tel:0035226950294\">+352 26 95 02 94<\/a><br \/>\n<strong>Mail :<\/strong> <a href=\"mailto:contact@babyconcept.lu\">contact@babyconcept.lu<\/a><\/p>\n<p>[\/vc_column_text][vc_empty_space height=&#8220;20px&#8220;][vc_column_text]<\/p>\n<p style=\"text-align: center;\"><iframe style=\"border: none; overflow: hidden;\" src=\"https:\/\/www.facebook.com\/plugins\/page.php?href=https%3A%2F%2Fwww.facebook.com%2Fbabyconcept2%2F&amp;tabs=timeline&amp;width=250&amp;height=125&amp;small_header=false&amp;adapt_container_width=true&amp;hide_cover=false&amp;show_facepile=false&amp;appId=617851318894286\" width=\"250\" height=\"125\" frameborder=\"0\" scrolling=\"no\" data-mce-fragment=\"1\"><\/iframe><\/p>\n<p>[\/vc_column_text][\/vc_column][vc_column width=&#8220;1\/5&#8243; offset=&#8220;vc_hidden-xs&#8220;][cms_heading title=&#8220;Pommerloch 2&#8243; title_font_size=&#8220;45&#8243; title_align=&#8220;center&#8220;][vc_column_text]<\/p>\n<p style=\"text-align: center;\">9 Am Lach<br \/>\n9638 Pommerloch &#8211; Luxembourg<\/p>\n<p style=\"text-align: center;\"><strong>T\u00e9l :<\/strong> <a href=\"tel:00352621662432\">+352 26 88 07 55<\/a><br \/>\n<strong>Mail :<\/strong> <a href=\"mailto:contact@babyconcept.lu\">contact@babyconcept.lu<\/a><\/p>\n<p>[\/vc_column_text][vc_empty_space height=&#8220;20px&#8220;][vc_column_text]<\/p>\n<p style=\"text-align: center;\"><iframe style=\"border: none; overflow: hidden;\" src=\"https:\/\/www.facebook.com\/plugins\/page.php?href=https%3A%2F%2Fwww.facebook.com%2Fbabyconcept3%2F&amp;tabs=timeline&amp;width=250&amp;height=125&amp;small_header=false&amp;adapt_container_width=true&amp;hide_cover=false&amp;show_facepile=false&amp;appId=617851318894286\" width=\"250\" height=\"125\" frameborder=\"0\" scrolling=\"no\"><\/iframe><\/p>\n<p>[\/vc_column_text][\/vc_column][vc_column width=&#8220;1\/5&#8243; offset=&#8220;vc_hidden-xs&#8220;][\/vc_column][\/vc_row][vc_row full_width=&#8220;stretch_row&#8220; css=&#8220;.vc_custom_1594126349447{background-color: #9d1560 !important;}&#8220;][vc_column offset=&#8220;vc_hidden-xs&#8220;][\/vc_column][\/vc_row][vc_row][vc_column offset=&#8220;vc_hidden-lg vc_hidden-md vc_hidden-sm&#8220;][cms_heading title=&#8220;Baby Concept Kitas&#8220; title_color=&#8220;#6f4792&#8243; title_align=&#8220;center&#8220; line_color=&#8220;#2fb9d3&#8243; line_width=&#8220;192px&#8220;][vc_empty_space height=&#8220;36px&#8220;][\/vc_column][\/vc_row][vc_row full_width=&#8220;stretch_row&#8220;][vc_column width=&#8220;1\/2&#8243; offset=&#8220;vc_hidden-lg vc_hidden-md vc_hidden-sm vc_col-xs-6&#8243;][cms_heading title=&#8220;Mertzig&#8220; title_font_size=&#8220;25&#8243; title_align=&#8220;center&#8220;][vc_column_text]<\/p>\n<p style=\"text-align: center;\"><a href=\"https:\/\/www.google.com\/maps\/place\/43+Rue+Principale,+9168+Mertzig\/data=!4m2!3m1!1s0x47eaaadc53567411:0x8e26d190b81ace8c?sa=X&amp;ved=2ahUKEwjLup_U-4PsAhXDjqQKHX7aCxAQ8gEwAHoECAsQAQ\" target=\"_blank\" rel=\"noopener noreferrer\">43 Rue Principale<br \/>\n9168 MERTZIG &#8211; Luxembourg<\/a><\/p>\n<p style=\"text-align: center;\"><strong>T\u00e9l :<\/strong> <a href=\"tel:0035226880755\">+352 26 88 07 55<\/a><br \/>\n<strong>Mail :<\/strong> <a href=\"mailto:contact@babyconcept.lu\">contact@babyconcept.lu<\/a><\/p>\n<p>[\/vc_column_text][vc_empty_space height=&#8220;20px&#8220;][vc_column_text]<\/p>\n<p style=\"text-align: center;\"><iframe style=\"border: none; overflow: hidden;\" src=\"https:\/\/www.facebook.com\/plugins\/page.php?href=https%3A%2F%2Fwww.facebook.com%2Fbabyconcept.lu%2F&amp;tabs=timeline&amp;width=175&amp;height=125&amp;small_header=false&amp;adapt_container_width=true&amp;hide_cover=false&amp;show_facepile=false&amp;appId=617851318894286\" width=\"175\" height=\"125\" frameborder=\"0\" scrolling=\"no\" data-mce-fragment=\"1\"><\/iframe><\/p>\n<p>[\/vc_column_text][\/vc_column][vc_column width=&#8220;1\/2&#8243; offset=&#8220;vc_hidden-lg vc_hidden-md vc_hidden-sm vc_col-xs-6&#8243;][cms_heading title=&#8220;Pommerloch&#8220; title_font_size=&#8220;25&#8243; title_align=&#8220;center&#8220;][vc_column_text]<\/p>\n<p style=\"text-align: center;\"><a href=\"https:\/\/www.google.com\/maps\/place\/24+An+Der+Gaass,+9638+Pommerloch\/data=!4m2!3m1!1s0x47c004af1243760b:0xe5773912c10d19c0?sa=X&amp;ved=2ahUKEwjakZbq-4PsAhXRC-wKHX3SB2AQ8gEwAHoECAsQAQ\" target=\"_blank\" rel=\"noopener noreferrer\">24 An Der Gaass<br \/>\n9638 POMMERLOCH &#8211; Luxembourg<\/a><\/p>\n<p style=\"text-align: center;\"><strong>T\u00e9l :<\/strong> <a href=\"tel:0035226950294\">+352 26 95 02 94<\/a><br \/>\n<strong>Mail :<\/strong> <a href=\"mailto:contact@babyconcept.lu\">contact@babyconcept.lu<\/a><\/p>\n<p>[\/vc_column_text][vc_empty_space height=&#8220;20px&#8220;][vc_column_text]<\/p>\n<p style=\"text-align: center;\"><iframe style=\"border: none; overflow: hidden;\" src=\"https:\/\/www.facebook.com\/plugins\/page.php?href=https%3A%2F%2Fwww.facebook.com%2Fbabyconcept2%2F&amp;tabs=timeline&amp;width=175&amp;height=125&amp;small_header=false&amp;adapt_container_width=true&amp;hide_cover=false&amp;show_facepile=false&amp;appId=617851318894286\" width=\"175\" height=\"125\" frameborder=\"0\" scrolling=\"no\" data-mce-fragment=\"1\"><\/iframe><\/p>\n<p>[\/vc_column_text][\/vc_column][\/vc_row][vc_row full_width=&#8220;stretch_row&#8220;][vc_column width=&#8220;1\/2&#8243; offset=&#8220;vc_hidden-lg vc_hidden-md vc_hidden-sm vc_col-xs-6&#8243;][cms_heading title=&#8220;Pommerloch 2&#8243; title_font_size=&#8220;25&#8243; title_align=&#8220;center&#8220;][vc_column_text]<\/p>\n<p style=\"text-align: center;\">9 Am Lach<br \/>\n9638 Pommerloch &#8211; Luxembourg<\/p>\n<p style=\"text-align: center;\"><strong>T\u00e9l :<\/strong> <a href=\"tel:00352621662432\">+352 26 88 07 55<\/a><br \/>\n<strong>Mail :<\/strong> <a href=\"mailto:contact@babyconcept.lu\">contact@babyconcept.lu<\/a><\/p>\n<p>[\/vc_column_text][vc_empty_space height=&#8220;20px&#8220;][vc_column_text]<\/p>\n<p style=\"text-align: center;\"><iframe style=\"border: none; overflow: hidden;\" src=\"https:\/\/www.facebook.com\/plugins\/page.php?href=https%3A%2F%2Fwww.facebook.com%2Fbabyconcept3%2F&amp;tabs=timeline&amp;width=175&amp;height=125&amp;small_header=false&amp;adapt_container_width=true&amp;hide_cover=false&amp;show_facepile=false&amp;appId=617851318894286\" width=\"175\" height=\"125\" frameborder=\"0\" scrolling=\"no\"><\/iframe><\/p>\n<p>[\/vc_column_text][\/vc_column][vc_column width=&#8220;1\/2&#8243; offset=&#8220;vc_hidden-lg vc_hidden-md vc_hidden-sm vc_col-xs-6&#8243;][\/vc_column][\/vc_row][vc_row full_width=&#8220;stretch_row&#8220; cms_row_class=&#8220;formulaire_contact&#8220; css=&#8220;.vc_custom_1601025078430{background-image: url(https:\/\/www.babyconcept.lu\/wp-content\/uploads\/2015\/04\/bg-contact.jpg?id=227) !important;background-position: center !important;background-repeat: no-repeat !important;background-size: cover !important;}&#8220;][vc_column text_align=&#8220;center&#8220;][vc_row_inner row_head_color=&#8220;#575656&#8243;][vc_column_inner][cms_heading title=&#8220;Uns kontaktieren&#8220; title_align=&#8220;center&#8220;][vc_empty_space height=&#8220;17px&#8220;][vc_column_text]<\/p>\n<p style=\"text-align: center;\">Wir werden uns so schnell wie m\u00f6glich bei Ihnen melden.<\/p>\n<p>[\/vc_column_text][vc_empty_space height=&#8220;55px&#8220;][\/vc_column_inner][\/vc_row_inner][vc_column_text]<\/p>\n<div class=\"caldera-grid\" id=\"caldera_form_1\" data-cf-ver=\"1.9.3\" data-cf-form-id=\"CF5f88072375f7d\"><div id=\"caldera_notices_1\" data-spinner=\"https:\/\/www.babyconcept.lu\/wp-admin\/images\/spinner.gif\"><\/div><form data-instance=\"1\" class=\"CF5f88072375f7d caldera_forms_form cfajax-trigger\" method=\"POST\" enctype=\"multipart\/form-data\" id=\"CF5f88072375f7d_1\" data-form-id=\"CF5f88072375f7d\" aria-label=\"Contact cr&egrave;che DE\" data-target=\"#caldera_notices_1\" data-template=\"#cfajax_CF5f88072375f7d-tmpl\" data-cfajax=\"CF5f88072375f7d\" data-load-element=\"_parent\" data-load-class=\"cf_processing\" data-post-disable=\"0\" data-action=\"cf_process_ajax_submit\" data-request=\"https:\/\/www.babyconcept.lu\/de\/\/cf-api\/CF5f88072375f7d\" data-hiderows=\"true\">\r\n<input type=\"hidden\" id=\"_cf_verify_CF5f88072375f7d\" name=\"_cf_verify\" value=\"3efa176541\"  data-nonce-time=\"1777569217\" \/><input type=\"hidden\" name=\"_wp_http_referer\" value=\"\/de\/wp-json\/wp\/v2\/pages\/3409\" \/><div id=\"cf2-CF5f88072375f7d_1\"><\/div><input type=\"hidden\" name=\"_cf_frm_id\" value=\"CF5f88072375f7d\">\r\n<input type=\"hidden\" name=\"_cf_frm_ct\" value=\"1\">\r\n<input type=\"hidden\" name=\"cfajax\" value=\"CF5f88072375f7d\">\r\n<input type=\"hidden\" name=\"_cf_cr_pst\" value=\"3409\">\r\n<div class=\"hide\" style=\"display:none; overflow:hidden;height:0;width:0;\">\r\n<label>Web Site<\/label><input type=\"text\" name=\"web_site\" value=\"\" autocomplete=\"off\">\r\n<\/div><div id=\"CF5f88072375f7d_1-row-1\"  class=\"row  first_row\"><div  class=\"col-sm-6  first_col\"><div data-field-wrapper=\"fld_9970286\" class=\"form-group input_formulaire_contact\" id=\"fld_9970286_1-wrap\">\r\n\t<label id=\"fld_9970286Label\" for=\"fld_9970286_1\" class=\"control-label screen-reader-text sr-only\">Name<\/label>\r\n\t<div class=\"\">\r\n\t\t<input placeholder=\"Name\"  required type=\"text\" data-field=\"fld_9970286\" class=\" form-control\" id=\"fld_9970286_1\" name=\"fld_9970286\" value=\"\" data-type=\"text\" aria-required=\"true\"   aria-labelledby=\"fld_9970286Label\" >\t\t\t<\/div>\r\n<\/div>\r\n<\/div><div  class=\"col-sm-6  last_col\"><div data-field-wrapper=\"fld_8768091\" class=\"form-group input_formulaire_contact\" id=\"fld_8768091_1-wrap\">\r\n\t<label id=\"fld_8768091Label\" for=\"fld_8768091_1\" class=\"control-label screen-reader-text sr-only\">Vorname<\/label>\r\n\t<div class=\"\">\r\n\t\t<input placeholder=\"Vorname\"  required type=\"text\" data-field=\"fld_8768091\" class=\" form-control\" id=\"fld_8768091_1\" name=\"fld_8768091\" value=\"\" data-type=\"text\" aria-required=\"true\"   aria-labelledby=\"fld_8768091Label\" >\t\t\t<\/div>\r\n<\/div>\r\n<\/div><\/div><div id=\"CF5f88072375f7d_1-row-2\"  class=\"row \"><div  class=\"col-sm-6  first_col\"><div data-field-wrapper=\"fld_6009157\" class=\"form-group input_formulaire_contact\" id=\"fld_6009157_1-wrap\">\r\n\t<label id=\"fld_6009157Label\" for=\"fld_6009157_1\" class=\"control-label screen-reader-text sr-only\">Email<\/label>\r\n\t<div class=\"\">\r\n\t\t<input placeholder=\"Email\"  required type=\"email\" data-field=\"fld_6009157\" class=\" form-control\" id=\"fld_6009157_1\" name=\"fld_6009157\" value=\"\" data-type=\"email\" aria-required=\"true\"   aria-labelledby=\"fld_6009157Label\" >\t\t\t<\/div>\r\n<\/div>\r\n<\/div><div  class=\"col-sm-6  last_col\"><div data-field-wrapper=\"fld_8565247\" class=\"form-group input_formulaire_contact input_telephone\" id=\"fld_8565247_1-wrap\">\r\n\t<label id=\"fld_8565247Label\" for=\"fld_8565247_1\" class=\"control-label screen-reader-text sr-only\">Telefonnummer<\/label>\r\n\t<div class=\"\">\r\n\t\t<input placeholder=\"Telefonnummer\"  required type=\"tel\" data-field=\"fld_8565247\" class=\" form-control\" id=\"fld_8565247_1\" name=\"fld_8565247\" value=\"\" data-type=\"phone_better\" aria-required=\"true\"   aria-labelledby=\"fld_8565247Label\" >\t\t\t<\/div>\r\n<\/div>\r\n<\/div><\/div><div id=\"CF5f88072375f7d_1-row-3\"  class=\"row \"><div  class=\"col-sm-6  first_col\"><div data-field-wrapper=\"fld_7833298\" class=\"form-group\" id=\"fld_7833298_1-wrap\">\r\n<label id=\"fld_7833298Label\" for=\"fld_7833298_1\" class=\"control-label\">Ihre Kita <span aria-hidden=\"true\" role=\"presentation\" class=\"field_required\" style=\"color:#ee0000;\">*<\/span><\/label>\r\n<div class=\"\">\r\n\t\t\t\t<label class=\"radio-inline\" data-label=\"Mertzig\" for=\"fld_7833298_1_opt1657793\"><input type=\"radio\" id=\"fld_7833298_1_opt1657793\" data-field=\"fld_7833298\" class=\"fld_7833298_1 option-required\" name=\"fld_7833298\" value=\"Mertzig\"   required=\"required\" data-radio-field=\"fld_7833298_1\" data-type=\"radio\" data-calc-value=\"Mertzig\" \/>\n\t\t\tMertzig\t\t<\/label>\n\t\t\t\t\t\t\t\t<label class=\"radio-inline\" data-label=\"Pommerloch\" for=\"fld_7833298_1_opt2059772\"><input type=\"radio\" id=\"fld_7833298_1_opt2059772\" data-field=\"fld_7833298\" class=\"fld_7833298_1 option-required\" name=\"fld_7833298\" value=\"Pommerloch\"   required=\"required\" data-radio-field=\"fld_7833298_1\" data-type=\"radio\" data-calc-value=\"Pommerloch\" \/>\n\t\t\tPommerloch\t\t<\/label>\n\t\t\t\t\t\t\t\t<label class=\"radio-inline\" data-label=\"Pommerloch 2\" for=\"fld_7833298_1_opt1312865\"><input type=\"radio\" id=\"fld_7833298_1_opt1312865\" data-field=\"fld_7833298\" class=\"fld_7833298_1 option-required\" name=\"fld_7833298\" value=\"Pommerloch 2\"   required=\"required\" data-radio-field=\"fld_7833298_1\" data-type=\"radio\" data-calc-value=\"Pommerloch 2\" \/>\n\t\t\tPommerloch 2\t\t<\/label>\n\t\t\t\t<\/div>\r\n<\/div>\r\n<\/div><div  class=\"col-sm-6  last_col\"><div data-field-wrapper=\"fld_8645461\" class=\"form-group input_formulaire_contact\" id=\"fld_8645461_1-wrap\">\r\n\t<label id=\"fld_8645461Label\" for=\"fld_8645461_1\" class=\"control-label screen-reader-text sr-only\">Thema<\/label>\r\n\t<div class=\"\">\r\n\t\t<input placeholder=\"Thema\"  required type=\"text\" data-field=\"fld_8645461\" class=\" form-control\" id=\"fld_8645461_1\" name=\"fld_8645461\" value=\"\" data-type=\"text\" aria-required=\"true\"   aria-labelledby=\"fld_8645461Label\" >\t\t\t<\/div>\r\n<\/div>\r\n<\/div><\/div><div id=\"CF5f88072375f7d_1-row-4\"  class=\"row \"><div  class=\"col-sm-12  single\"><hr id=\"fld_604582_1\" class=\"\" style=\"width: 100%\" \/><div data-field-wrapper=\"fld_1128784\" class=\"form-group input_formulaire_contact\" id=\"fld_1128784_1-wrap\">\r\n\t<label id=\"fld_1128784Label\" for=\"fld_1128784_1\" class=\"control-label\">Nachricht <span aria-hidden=\"true\" role=\"presentation\" class=\"field_required\" style=\"color:#ee0000;\">*<\/span><\/label>\r\n\t<div class=\"\">\r\n\t\t<textarea name=\"fld_1128784\" value=\"\" data-field=\"fld_1128784\" class=\"form-control\" id=\"fld_1128784_1\" rows=\"20\"  required=\"required\"  aria-labelledby=\"fld_1128784Label\" ><\/textarea>\n\t\t\t<\/div>\r\n<\/div>\r\n<\/div><\/div><div id=\"CF5f88072375f7d_1-row-5\"  class=\"row \"><div  class=\"col-sm-12  single\"><div data-field-wrapper=\"fld_9295643\" class=\"form-group\" id=\"fld_9295643_1-wrap\">\r\n\t<label id=\"fld_9295643Label\" for=\"fld_9295643_1\" class=\"control-label\">RGPD <span aria-hidden=\"true\" role=\"presentation\" class=\"field_required\" style=\"color:#ee0000;\">*<\/span><\/label>\r\n\t<div class=\"\">\r\n\t\t\t\t\t\t\n                <label  class=\"checkbox-inline\"                        for=\"fld_9295643_1_opt1962882\"\n                >\n                            <input\n                                data-parsley-required=\"true\" data-parsley-group=\"fld_9295643_1\" data-parsley-multiple=\"fld_9295643_1\"                                type=\"checkbox\"\n                                data-label=\"Durch Aktivieren dieses Kontrollk\u00e4stchens erkl\u00e4re ich mich damit einverstanden, meine eingegebenen pers\u00f6nlichen Daten an die Baby Concept-Kinderkrippe zu \u00fcbermitteln, um meine Anfrage ausschlie\u00dflich zu bearbeiten. Meine Daten werden nicht verkauft oder an Dritte weitergegeben.\"\n                                data-field=\"fld_9295643\"\n                                id=\"fld_9295643_1_opt1962882\"\n                                class=\"fld_9295643_1 option-required\"\n                                name=\"fld_9295643[opt1962882]\"\n                                value=\"Durch Aktivieren dieses Kontrollk\u00e4stchens erkl\u00e4re ich mich damit einverstanden, meine eingegebenen pers\u00f6nlichen Daten an die Baby Concept-Kinderkrippe zu \u00fcbermitteln, um meine Anfrage ausschlie\u00dflich zu bearbeiten. Meine Daten werden nicht verkauft oder an Dritte weitergegeben.\"\n                                                                data-type=\"checkbox\"\n                                data-checkbox-field=\"fld_9295643_1\"\n                                                                data-calc-value=\"Durch Aktivieren dieses Kontrollk\u00e4stchens erkl\u00e4re ich mich damit einverstanden, meine eingegebenen pers\u00f6nlichen Daten an die Baby Concept-Kinderkrippe zu \u00fcbermitteln, um meine Anfrage ausschlie\u00dflich zu bearbeiten. Meine Daten werden nicht verkauft oder an Dritte weitergegeben.\"\n                            >\n                    Durch Aktivieren dieses Kontrollk\u00e4stchens erkl\u00e4re ich mich damit einverstanden, meine eingegebenen pers\u00f6nlichen Daten an die Baby Concept-Kinderkrippe zu \u00fcbermitteln, um meine Anfrage ausschlie\u00dflich zu bearbeiten. Meine Daten werden nicht verkauft oder an Dritte weitergegeben.                <\/label>\n\n                \t\t\t\t\t\t\t<\/div>\r\n<\/div>\r\n<\/div><\/div><div id=\"CF5f88072375f7d_1-row-6\"  class=\"row \"><div  class=\"col-sm-12  single\"><div data-field-wrapper=\"fld_7908577\" class=\"form-group\" id=\"fld_7908577_1-wrap\">\r\n\t<label class=\"control-label\">&nbsp;<\/label>\n<div class=\"\">\r\n\t<input  class=\"btn btn-default\" type=\"submit\" name=\"fld_7908577\" id=\"fld_7908577_1\" value=\"Senden Sie die Nachricht\" data-field=\"fld_7908577\"  >\n<\/div>\r\n<\/div>\r\n\t<input class=\"button_trigger_1\" type=\"hidden\" name=\"fld_7908577\" id=\"fld_7908577_1_btn\" value=\"\" data-field=\"fld_7908577\"  \/>\n<\/div><\/div><div id=\"CF5f88072375f7d_1-row-7\"  class=\"row \"><div  class=\"col-sm-12  single\"><div data-field-wrapper=\"fld_3241917\" class=\"form-group\" id=\"fld_3241917_1-wrap\">\r\n\n\n<div class=\"\">\r\n\n<input placeholder=\"Captcha\"  required type=\"hidden\" data-field=\"fld_3241917\" class=\" form-control\" id=\"fld_3241917_1\" name=\"fld_3241917\" value=\"\" data-type=\"recaptcha\" aria-required=\"true\"   aria-labelledby=\"fld_3241917Label\" >\n\t<div id=\"capfld_3241917_1\"><\/div>\n\n\n<\/div>\r\n\n<\/div>\r\n<\/div><\/div><div id=\"CF5f88072375f7d_1-row-8\"  class=\"row  last_row\"><div  class=\"col-sm-12  single\"><\/div><\/div><\/form>\r\n<\/div>\r\n\n<p>[\/vc_column_text][\/vc_column][\/vc_row]<\/p>\n","protected":false},"excerpt":{"rendered":"<p>[vc_row full_width=&#8220;stretch_row&#8220; row_head_color=&#8220;#575656&#8243; css=&#8220;.vc_custom_1629449701338{background-image: url(https:\/\/www.babyconcept.lu\/wp-content\/uploads\/2021\/08\/kids_22.jpg?id=3756) !important;background-position: center !important;background-repeat: no-repeat !important;background-size: cover !important;}&#8220; el_id=&#8220;kids&#8220;][vc_column offset=&#8220;vc_hidden-xs&#8220;][cms_heading title=&#8220;Baby Concept Kitas&#8220; title_color=&#8220;#6f4792&#8243; title_align=&#8220;center&#8220; line_color=&#8220;#2fb9d3&#8243; line_width=&#8220;192px&#8220;][vc_empty_space height=&#8220;36px&#8220;][\/vc_column][vc_column width=&#8220;1\/5&#8243; offset=&#8220;vc_hidden-xs&#8220;][\/vc_column][vc_column width=&#8220;1\/5&#8243; offset=&#8220;vc_hidden-xs&#8220;][cms_heading title=&#8220;Mertzig&#8220; title_font_size=&#8220;45&#8243; title_align=&#8220;center&#8220;][vc_column_text] 43 Rue Principale 9168 MERTZIG &#8211; Luxembourg T\u00e9l : +352 26 88 07 55 Mail : contact@babyconcept.lu [\/vc_column_text][vc_empty_space height=&#8220;20px&#8220;][vc_column_text] [\/vc_column_text][\/vc_column][vc_column width=&#8220;1\/5&#8243; offset=&#8220;vc_hidden-xs&#8220;][cms_heading title=&#8220;Pommerloch&#8220; title_font_size=&#8220;45&#8243; title_align=&#8220;center&#8220;][vc_column_text] 24 [&hellip;]<\/p>\n","protected":false},"author":1,"featured_media":0,"parent":0,"menu_order":0,"comment_status":"closed","ping_status":"closed","template":"","meta":[],"yoast_head":"<!-- This site is optimized with the Yoast SEO plugin v15.9 - https:\/\/yoast.com\/wordpress\/plugins\/seo\/ -->\n<title>Kontakt - Baby Concept - Familienkitas in Luxemburg<\/title>\n<meta name=\"robots\" content=\"index, follow, max-snippet:-1, max-image-preview:large, max-video-preview:-1\" \/>\n<link rel=\"canonical\" href=\"https:\/\/www.babyconcept.lu\/de\/kontakt\/\" \/>\n<meta property=\"og:locale\" content=\"de_DE\" \/>\n<meta property=\"og:type\" content=\"article\" \/>\n<meta property=\"og:title\" content=\"Kontakt - Baby Concept - Familienkitas in Luxemburg\" \/>\n<meta property=\"og:description\" content=\"[vc_row full_width=&#8220;stretch_row&#8220; row_head_color=&#8220;#575656&#8243; css=&#8220;.vc_custom_1629449701338{background-image: url(https:\/\/www.babyconcept.lu\/wp-content\/uploads\/2021\/08\/kids_22.jpg?id=3756) !important;background-position: center !important;background-repeat: no-repeat !important;background-size: cover !important;}&#8220; el_id=&#8220;kids&#8220;][vc_column offset=&#8220;vc_hidden-xs&#8220;][cms_heading title=&#8220;Baby Concept Kitas&#8220; title_color=&#8220;#6f4792&#8243; title_align=&#8220;center&#8220; line_color=&#8220;#2fb9d3&#8243; line_width=&#8220;192px&#8220;][vc_empty_space height=&#8220;36px&#8220;][\/vc_column][vc_column width=&#8220;1\/5&#8243; offset=&#8220;vc_hidden-xs&#8220;][\/vc_column][vc_column width=&#8220;1\/5&#8243; offset=&#8220;vc_hidden-xs&#8220;][cms_heading title=&#8220;Mertzig&#8220; title_font_size=&#8220;45&#8243; title_align=&#8220;center&#8220;][vc_column_text] 43 Rue Principale 9168 MERTZIG &#8211; Luxembourg T\u00e9l : +352 26 88 07 55 Mail : contact@babyconcept.lu [\/vc_column_text][vc_empty_space height=&#8220;20px&#8220;][vc_column_text] [\/vc_column_text][\/vc_column][vc_column width=&#8220;1\/5&#8243; offset=&#8220;vc_hidden-xs&#8220;][cms_heading title=&#8220;Pommerloch&#8220; title_font_size=&#8220;45&#8243; title_align=&#8220;center&#8220;][vc_column_text] 24 [&hellip;]\" \/>\n<meta property=\"og:url\" content=\"https:\/\/www.babyconcept.lu\/de\/kontakt\/\" \/>\n<meta property=\"og:site_name\" content=\"Baby Concept - Cr\u00e8che familiale \u00e0 Mertzig et Pommerloch au Luxembourg\" \/>\n<meta property=\"article:modified_time\" content=\"2021-08-20T08:55:06+00:00\" \/>\n<meta name=\"twitter:card\" content=\"summary_large_image\" \/>\n<meta name=\"twitter:label1\" content=\"Gesch\u00e4tzte Lesezeit\">\n\t<meta name=\"twitter:data1\" content=\"1\u00a0Minute\">\n<script type=\"application\/ld+json\" class=\"yoast-schema-graph\">{\"@context\":\"https:\/\/schema.org\",\"@graph\":[{\"@type\":\"WebSite\",\"@id\":\"https:\/\/www.babyconcept.lu\/#website\",\"url\":\"https:\/\/www.babyconcept.lu\/\",\"name\":\"Baby Concept - Cr\\u00e8che familiale \\u00e0 Mertzig et Pommerloch au Luxembourg\",\"description\":\"\",\"potentialAction\":[{\"@type\":\"SearchAction\",\"target\":\"https:\/\/www.babyconcept.lu\/?s={search_term_string}\",\"query-input\":\"required name=search_term_string\"}],\"inLanguage\":\"de\"},{\"@type\":\"WebPage\",\"@id\":\"https:\/\/www.babyconcept.lu\/de\/kontakt\/#webpage\",\"url\":\"https:\/\/www.babyconcept.lu\/de\/kontakt\/\",\"name\":\"Kontakt - Baby Concept - Familienkitas in Luxemburg\",\"isPartOf\":{\"@id\":\"https:\/\/www.babyconcept.lu\/#website\"},\"datePublished\":\"2020-10-15T08:23:01+00:00\",\"dateModified\":\"2021-08-20T08:55:06+00:00\",\"breadcrumb\":{\"@id\":\"https:\/\/www.babyconcept.lu\/de\/kontakt\/#breadcrumb\"},\"inLanguage\":\"de\",\"potentialAction\":[{\"@type\":\"ReadAction\",\"target\":[\"https:\/\/www.babyconcept.lu\/de\/kontakt\/\"]}]},{\"@type\":\"BreadcrumbList\",\"@id\":\"https:\/\/www.babyconcept.lu\/de\/kontakt\/#breadcrumb\",\"itemListElement\":[{\"@type\":\"ListItem\",\"position\":1,\"item\":{\"@type\":\"WebPage\",\"@id\":\"https:\/\/www.babyconcept.lu\/de\/\",\"url\":\"https:\/\/www.babyconcept.lu\/de\/\",\"name\":\"Accueil\"}},{\"@type\":\"ListItem\",\"position\":2,\"item\":{\"@type\":\"WebPage\",\"@id\":\"https:\/\/www.babyconcept.lu\/de\/kontakt\/\",\"url\":\"https:\/\/www.babyconcept.lu\/de\/kontakt\/\",\"name\":\"Kontakt\"}}]}]}<\/script>\n<!-- \/ Yoast SEO plugin. -->","_links":{"self":[{"href":"https:\/\/www.babyconcept.lu\/de\/wp-json\/wp\/v2\/pages\/3409"}],"collection":[{"href":"https:\/\/www.babyconcept.lu\/de\/wp-json\/wp\/v2\/pages"}],"about":[{"href":"https:\/\/www.babyconcept.lu\/de\/wp-json\/wp\/v2\/types\/page"}],"author":[{"embeddable":true,"href":"https:\/\/www.babyconcept.lu\/de\/wp-json\/wp\/v2\/users\/1"}],"replies":[{"embeddable":true,"href":"https:\/\/www.babyconcept.lu\/de\/wp-json\/wp\/v2\/comments?post=3409"}],"version-history":[{"count":3,"href":"https:\/\/www.babyconcept.lu\/de\/wp-json\/wp\/v2\/pages\/3409\/revisions"}],"predecessor-version":[{"id":3759,"href":"https:\/\/www.babyconcept.lu\/de\/wp-json\/wp\/v2\/pages\/3409\/revisions\/3759"}],"wp:attachment":[{"href":"https:\/\/www.babyconcept.lu\/de\/wp-json\/wp\/v2\/media?parent=3409"}],"curies":[{"name":"wp","href":"https:\/\/api.w.org\/{rel}","templated":true}]}}